{"id":16,"date":"2024-01-18T12:33:59","date_gmt":"2024-01-18T11:33:59","guid":{"rendered":"http:\/\/site-rctm.test\/?page_id=16"},"modified":"2024-02-19T13:45:56","modified_gmt":"2024-02-19T12:45:56","slug":"le-mot-du-president","status":"publish","type":"page","link":"https:\/\/rugbyclubmontaigu.fr\/index.php\/le-mot-du-president\/","title":{"rendered":"Le mot du Pr\u00e9sident"},"content":{"rendered":"\n<p>Le club de Montaigu permet \u00e0 tous de pratiquer le rugby, quelque soit son niveau. <\/p>\n\n\n\n<p>Notre engagement, c\u2019est de permettre \u00e0 chacun(e), petit(e) ou grand(e), de s\u2019\u00e9panouir et de progresser \u00e0 travers notre sport. <\/p>\n\n\n\n<p>Notre offre de pratique que nous diversifions un peu plus chaque ann\u00e9e, permet \u00e0 chacun(e) de trouver le type de rugby qui lui convient. <\/p>\n\n\n\n<p>Le respect, la solidarit\u00e9 et la pers\u00e9v\u00e9rance sont nos valeurs ma\u00eetresses. Nous les appliquons sur le terrain mais aussi en dehors. <\/p>\n\n\n\n<p>Je tenais d\u2019ailleurs \u00e0 remercier tout particuli\u00e8rement nos b\u00e9n\u00e9voles qui \u0153uvrent dans l\u2019ombre pour la r\u00e9ussite de nos \u00e9quipes. <br>MERCI pour votre implication.<br>Merci \u00e9galement aux membres du Bureau Directeur qui mettent leur comp\u00e9tences et leur \u00e9nergie au service du club. <\/p>\n\n\n\n<p>La coh\u00e9sion, la convivialit\u00e9 et le partage sont au c\u0153ur de notre club et de notre projet, tout comme l\u2019accompagnement et la formation des jeunes<\/p>\n\n\n\n<p>Rugbystiquement,<\/p>\n\n\n\n<p>Le Pr\u00e9sident du RCTM<br>Wilfrid Langlais.<\/p>\n","protected":false},"excerpt":{"rendered":"<p>Le club de Montaigu permet \u00e0 tous de pratiquer le rugby, quelque soit son niveau. Notre engagement, c\u2019est de permettre \u00e0 chacun(e), petit(e) ou grand(e), de s\u2019\u00e9panouir et de progresser \u00e0 travers notre sport. Notre offre de pratique que nous diversifions un peu plus chaque ann\u00e9e, permet \u00e0 chacun(e) de trouver le type de rugby&hellip;&nbsp;<a href=\"https:\/\/rugbyclubmontaigu.fr\/index.php\/le-mot-du-president\/\" class=\"\" rel=\"bookmark\">Lire la suite &raquo;<span class=\"screen-reader-text\">Le mot du Pr\u00e9sident<\/span><\/a><\/p>\n","protected":false},"author":1,"featured_media":0,"parent":0,"menu_order":0,"comment_status":"closed","ping_status":"closed","template":"","meta":{"om_disable_all_campaigns":false,"_monsterinsights_skip_tracking":false,"_monsterinsights_sitenote_active":false,"_monsterinsights_sitenote_note":"","_monsterinsights_sitenote_category":0,"neve_meta_sidebar":"","neve_meta_container":"","neve_meta_enable_content_width":"","neve_meta_content_width":0,"neve_meta_title_alignment":"","neve_meta_author_avatar":"","neve_post_elements_order":"","neve_meta_disable_header":"","neve_meta_disable_footer":"","neve_meta_disable_title":"","footnotes":""},"class_list":["post-16","page","type-page","status-publish","hentry"],"yoast_head":"<!-- This site is optimized with the Yoast SEO plugin v26.2 - https:\/\/yoast.com\/wordpress\/plugins\/seo\/ -->\n<title>Le mot du Pr\u00e9sident - Rugby Club Terres de Montaigu - Vend\u00e9e<\/title>\n<meta name=\"robots\" content=\"index, follow, max-snippet:-1, max-image-preview:large, max-video-preview:-1\" \/>\n<link rel=\"canonical\" href=\"http:\/\/rugbyclubmontaigu.com\/index.php\/le-mot-du-president\/\" \/>\n<meta property=\"og:locale\" content=\"fr_FR\" \/>\n<meta property=\"og:type\" content=\"article\" \/>\n<meta property=\"og:title\" content=\"Le mot du Pr\u00e9sident - Rugby Club Terres de Montaigu - Vend\u00e9e\" \/>\n<meta property=\"og:description\" content=\"Le club de Montaigu permet \u00e0 tous de pratiquer le rugby, quelque soit son niveau. Notre engagement, c\u2019est de permettre \u00e0 chacun(e), petit(e) ou grand(e), de s\u2019\u00e9panouir et de progresser \u00e0 travers notre sport. Notre offre de pratique que nous diversifions un peu plus chaque ann\u00e9e, permet \u00e0 chacun(e) de trouver le type de rugby&hellip;&nbsp;Lire la suite &raquo;Le mot du Pr\u00e9sident\" \/>\n<meta property=\"og:url\" content=\"http:\/\/rugbyclubmontaigu.com\/index.php\/le-mot-du-president\/\" \/>\n<meta property=\"og:site_name\" content=\"Rugby Club Terres de Montaigu - Vend\u00e9e\" \/>\n<meta property=\"article:publisher\" content=\"https:\/\/fr-fr.facebook.com\/rugbyclubdesterresdemontaigu\/\" \/>\n<meta property=\"article:modified_time\" content=\"2024-02-19T12:45:56+00:00\" \/>\n<meta name=\"twitter:card\" content=\"summary_large_image\" \/>\n<meta name=\"twitter:label1\" content=\"Dur\u00e9e de lecture estim\u00e9e\" \/>\n\t<meta name=\"twitter:data1\" content=\"1 minute\" \/>\n<script type=\"application\/ld+json\" class=\"yoast-schema-graph\">{\"@context\":\"https:\/\/schema.org\",\"@graph\":[{\"@type\":\"WebPage\",\"@id\":\"http:\/\/rugbyclubmontaigu.com\/index.php\/le-mot-du-president\/\",\"url\":\"http:\/\/rugbyclubmontaigu.com\/index.php\/le-mot-du-president\/\",\"name\":\"Le mot du Pr\u00e9sident - Rugby Club Terres de Montaigu - Vend\u00e9e\",\"isPartOf\":{\"@id\":\"http:\/\/www.rugbyclubmontaiguvendee.fr\/#website\"},\"datePublished\":\"2024-01-18T11:33:59+00:00\",\"dateModified\":\"2024-02-19T12:45:56+00:00\",\"breadcrumb\":{\"@id\":\"http:\/\/rugbyclubmontaigu.com\/index.php\/le-mot-du-president\/#breadcrumb\"},\"inLanguage\":\"fr-FR\",\"potentialAction\":[{\"@type\":\"ReadAction\",\"target\":[\"http:\/\/rugbyclubmontaigu.com\/index.php\/le-mot-du-president\/\"]}]},{\"@type\":\"BreadcrumbList\",\"@id\":\"http:\/\/rugbyclubmontaigu.com\/index.php\/le-mot-du-president\/#breadcrumb\",\"itemListElement\":[{\"@type\":\"ListItem\",\"position\":1,\"name\":\"Accueil\",\"item\":\"http:\/\/www.rugbyclubmontaiguvendee.fr\/\"},{\"@type\":\"ListItem\",\"position\":2,\"name\":\"Le mot du Pr\u00e9sident\"}]},{\"@type\":\"WebSite\",\"@id\":\"http:\/\/www.rugbyclubmontaiguvendee.fr\/#website\",\"url\":\"http:\/\/www.rugbyclubmontaiguvendee.fr\/\",\"name\":\"Rugby Club Terre de Montaigu - Vend\u00e9e\",\"description\":\"Rejoignez l&#039;aventure\",\"publisher\":{\"@id\":\"http:\/\/www.rugbyclubmontaiguvendee.fr\/#organization\"},\"potentialAction\":[{\"@type\":\"SearchAction\",\"target\":{\"@type\":\"EntryPoint\",\"urlTemplate\":\"http:\/\/www.rugbyclubmontaiguvendee.fr\/?s={search_term_string}\"},\"query-input\":{\"@type\":\"PropertyValueSpecification\",\"valueRequired\":true,\"valueName\":\"search_term_string\"}}],\"inLanguage\":\"fr-FR\"},{\"@type\":\"Organization\",\"@id\":\"http:\/\/www.rugbyclubmontaiguvendee.fr\/#organization\",\"name\":\"Rugby Club Terre de Montaigu - Vend\u00e9e\",\"url\":\"http:\/\/www.rugbyclubmontaiguvendee.fr\/\",\"logo\":{\"@type\":\"ImageObject\",\"inLanguage\":\"fr-FR\",\"@id\":\"http:\/\/www.rugbyclubmontaiguvendee.fr\/#\/schema\/logo\/image\/\",\"url\":\"https:\/\/rugbyclubmontaigu.fr\/wp-content\/uploads\/2024\/01\/cropped-logo-RCTM-120X150.png\",\"contentUrl\":\"https:\/\/rugbyclubmontaigu.fr\/wp-content\/uploads\/2024\/01\/cropped-logo-RCTM-120X150.png\",\"width\":120,\"height\":150,\"caption\":\"Rugby Club Terre de Montaigu - Vend\u00e9e\"},\"image\":{\"@id\":\"http:\/\/www.rugbyclubmontaiguvendee.fr\/#\/schema\/logo\/image\/\"},\"sameAs\":[\"https:\/\/fr-fr.facebook.com\/rugbyclubdesterresdemontaigu\/\",\"https:\/\/www.instagram.com\/edr_rctm85\/\"]}]}<\/script>\n<!-- \/ Yoast SEO plugin. -->","yoast_head_json":{"title":"Le mot du Pr\u00e9sident - Rugby Club Terres de Montaigu - Vend\u00e9e","robots":{"index":"index","follow":"follow","max-snippet":"max-snippet:-1","max-image-preview":"max-image-preview:large","max-video-preview":"max-video-preview:-1"},"canonical":"http:\/\/rugbyclubmontaigu.com\/index.php\/le-mot-du-president\/","og_locale":"fr_FR","og_type":"article","og_title":"Le mot du Pr\u00e9sident - Rugby Club Terres de Montaigu - Vend\u00e9e","og_description":"Le club de Montaigu permet \u00e0 tous de pratiquer le rugby, quelque soit son niveau. Notre engagement, c\u2019est de permettre \u00e0 chacun(e), petit(e) ou grand(e), de s\u2019\u00e9panouir et de progresser \u00e0 travers notre sport. Notre offre de pratique que nous diversifions un peu plus chaque ann\u00e9e, permet \u00e0 chacun(e) de trouver le type de rugby&hellip;&nbsp;Lire la suite &raquo;Le mot du Pr\u00e9sident","og_url":"http:\/\/rugbyclubmontaigu.com\/index.php\/le-mot-du-president\/","og_site_name":"Rugby Club Terres de Montaigu - Vend\u00e9e","article_publisher":"https:\/\/fr-fr.facebook.com\/rugbyclubdesterresdemontaigu\/","article_modified_time":"2024-02-19T12:45:56+00:00","twitter_card":"summary_large_image","twitter_misc":{"Dur\u00e9e de lecture estim\u00e9e":"1 minute"},"schema":{"@context":"https:\/\/schema.org","@graph":[{"@type":"WebPage","@id":"http:\/\/rugbyclubmontaigu.com\/index.php\/le-mot-du-president\/","url":"http:\/\/rugbyclubmontaigu.com\/index.php\/le-mot-du-president\/","name":"Le mot du Pr\u00e9sident - Rugby Club Terres de Montaigu - Vend\u00e9e","isPartOf":{"@id":"http:\/\/www.rugbyclubmontaiguvendee.fr\/#website"},"datePublished":"2024-01-18T11:33:59+00:00","dateModified":"2024-02-19T12:45:56+00:00","breadcrumb":{"@id":"http:\/\/rugbyclubmontaigu.com\/index.php\/le-mot-du-president\/#breadcrumb"},"inLanguage":"fr-FR","potentialAction":[{"@type":"ReadAction","target":["http:\/\/rugbyclubmontaigu.com\/index.php\/le-mot-du-president\/"]}]},{"@type":"BreadcrumbList","@id":"http:\/\/rugbyclubmontaigu.com\/index.php\/le-mot-du-president\/#breadcrumb","itemListElement":[{"@type":"ListItem","position":1,"name":"Accueil","item":"http:\/\/www.rugbyclubmontaiguvendee.fr\/"},{"@type":"ListItem","position":2,"name":"Le mot du Pr\u00e9sident"}]},{"@type":"WebSite","@id":"http:\/\/www.rugbyclubmontaiguvendee.fr\/#website","url":"http:\/\/www.rugbyclubmontaiguvendee.fr\/","name":"Rugby Club Terre de Montaigu - Vend\u00e9e","description":"Rejoignez l&#039;aventure","publisher":{"@id":"http:\/\/www.rugbyclubmontaiguvendee.fr\/#organization"},"potentialAction":[{"@type":"SearchAction","target":{"@type":"EntryPoint","urlTemplate":"http:\/\/www.rugbyclubmontaiguvendee.fr\/?s={search_term_string}"},"query-input":{"@type":"PropertyValueSpecification","valueRequired":true,"valueName":"search_term_string"}}],"inLanguage":"fr-FR"},{"@type":"Organization","@id":"http:\/\/www.rugbyclubmontaiguvendee.fr\/#organization","name":"Rugby Club Terre de Montaigu - Vend\u00e9e","url":"http:\/\/www.rugbyclubmontaiguvendee.fr\/","logo":{"@type":"ImageObject","inLanguage":"fr-FR","@id":"http:\/\/www.rugbyclubmontaiguvendee.fr\/#\/schema\/logo\/image\/","url":"https:\/\/rugbyclubmontaigu.fr\/wp-content\/uploads\/2024\/01\/cropped-logo-RCTM-120X150.png","contentUrl":"https:\/\/rugbyclubmontaigu.fr\/wp-content\/uploads\/2024\/01\/cropped-logo-RCTM-120X150.png","width":120,"height":150,"caption":"Rugby Club Terre de Montaigu - Vend\u00e9e"},"image":{"@id":"http:\/\/www.rugbyclubmontaiguvendee.fr\/#\/schema\/logo\/image\/"},"sameAs":["https:\/\/fr-fr.facebook.com\/rugbyclubdesterresdemontaigu\/","https:\/\/www.instagram.com\/edr_rctm85\/"]}]}},"_links":{"self":[{"href":"https:\/\/rugbyclubmontaigu.fr\/index.php\/wp-json\/wp\/v2\/pages\/16","targetHints":{"allow":["GET"]}}],"collection":[{"href":"https:\/\/rugbyclubmontaigu.fr\/index.php\/wp-json\/wp\/v2\/pages"}],"about":[{"href":"https:\/\/rugbyclubmontaigu.fr\/index.php\/wp-json\/wp\/v2\/types\/page"}],"author":[{"embeddable":true,"href":"https:\/\/rugbyclubmontaigu.fr\/index.php\/wp-json\/wp\/v2\/users\/1"}],"replies":[{"embeddable":true,"href":"https:\/\/rugbyclubmontaigu.fr\/index.php\/wp-json\/wp\/v2\/comments?post=16"}],"version-history":[{"count":4,"href":"https:\/\/rugbyclubmontaigu.fr\/index.php\/wp-json\/wp\/v2\/pages\/16\/revisions"}],"predecessor-version":[{"id":421,"href":"https:\/\/rugbyclubmontaigu.fr\/index.php\/wp-json\/wp\/v2\/pages\/16\/revisions\/421"}],"wp:attachment":[{"href":"https:\/\/rugbyclubmontaigu.fr\/index.php\/wp-json\/wp\/v2\/media?parent=16"}],"curies":[{"name":"wp","href":"https:\/\/api.w.org\/{rel}","templated":true}]}}